{"id":4720,"date":"2026-04-09T15:08:11","date_gmt":"2026-04-09T13:08:11","guid":{"rendered":"https:\/\/kingsplace.shop\/?post_type=product&#038;p=4720"},"modified":"2026-04-09T16:23:16","modified_gmt":"2026-04-09T14:23:16","slug":"das-system-der-mechanismus-limitierte-erstausgabe-vorbestellung","status":"publish","type":"product","link":"https:\/\/kingsplace.shop\/en\/product\/das-system-der-mechanismus-limitierte-erstausgabe-vorbestellung\/","title":{"rendered":"Das System &#8222;Der Mechanismus&#8220; Limitierte Erstausgabe (Vorbestellung)"},"content":{"rendered":"<p class=\"p1\"><b>Eine Darstellung, die provokant aufmerksam macht \u00a0\u2013 um dich folgend in der &#8222;verborgenen&#8220; Welt willkommen zu hei\u00dfen.<\/b><b><\/b><\/p>\n<p class=\"p3\">Was, wenn die Kontrollinstrumente die wir f\u00fcr un\u00fcberwindbar halten, in Wirklichkeit, nett gemeinte Handlungsvorschl\u00e4ge darstellen? Was wenn sowohl ideell als auch rechtlich, nichts und niemand \u00fcber dem Menschen als Wesen stehen kann?<\/p>\n<p class=\"p1\"><b>Eine distanzierte Betrachtung der Systematik etablierter Gesellschaftsordnung. Eine Einladung in eine Welt fernab von emotional geladener Spannung.\u00a0<\/b><b><\/b><\/p>\n<p class=\"p3\">Geschrieben aus geistiger Klarheit, dient dieses Werk nicht der Diffamierung \u2013 es ist eine Einladung, die Perspektiven zu wechseln und den Hass f\u00fcr einen Moment in seine Schranken zu weisen. Perfekt f\u00fcr alle, die an pragmatische L\u00f6sungen glauben und R\u00e4tsel lieben.<\/p>\n<p><strong>(In diesem Werk kann &#8222;Der Schl\u00fcssel&#8220; gefunden werden.)<\/strong><\/p>\n<p class=\"p1\"><b>What you can expect:<\/b><b><\/b><\/p>\n<ul>\n<li>\n<p class=\"p1\">Ungefiltertes Aufzeigen bandenm\u00e4\u00dfiger Strukturen<\/p>\n<\/li>\n<li>\n<p class=\"p1\">Impulsgeber f\u00fcr Handlungsabsicht<\/p>\n<\/li>\n<li>\n<p class=\"p1\">Ideal f\u00fcr jeden, dem eine Reise durch die undurchsichtigen b\u00fcrokratischen Schichten gelegen kommt.<\/p>\n<\/li>\n<li>\n<p class=\"p1\">\u23f3 Pre-order now - limited first edition<\/p>\n<\/li>\n<\/ul>","protected":false},"excerpt":{"rendered":"<p class=\"p1\">\u201cDas System\u201d: Eine aufkl\u00e4rende Schrift. Jetzt limitierte Vorbestellung sichern.<\/p>","protected":false},"featured_media":4723,"comment_status":"closed","ping_status":"closed","template":"","meta":{"_acf_changed":false,"site-sidebar-layout":"default","site-content-layout":"","ast-site-content-layout":"default","site-content-style":"default","site-sidebar-style":"default","ast-global-header-display":"","ast-banner-title-visibility":"","ast-main-header-display":"","ast-hfb-above-header-display":"","ast-hfb-below-header-display":"","ast-hfb-mobile-header-display":"","site-post-title":"","ast-breadcrumbs-content":"","ast-featured-img":"","footer-sml-layout":"","ast-disable-related-posts":"","theme-transparent-header-meta":"default","adv-header-id-meta":"","stick-header-meta":"","header-above-stick-meta":"","header-main-stick-meta":"","header-below-stick-meta":"","astra-migrate-meta-layouts":"set","ast-page-background-enabled":"default","ast-page-background-meta":{"desktop":{"background-color":"var(--ast-global-color-5)","background-image":"","background-repeat":"repeat","background-position":"center center","background-size":"auto","background-attachment":"scroll","background-type":"","background-media":"","overlay-type":"","overlay-color":"","overlay-opacity":"","overlay-gradient":""},"tablet":{"background-color":"","background-image":"","background-repeat":"repeat","background-position":"center center","background-size":"auto","background-attachment":"scroll","background-type":"","background-media":"","overlay-type":"","overlay-color":"","overlay-opacity":"","overlay-gradient":""},"mobile":{"background-color":"","background-image":"","background-repeat":"repeat","background-position":"center center","background-size":"auto","background-attachment":"scroll","background-type":"","background-media":"","overlay-type":"","overlay-color":"","overlay-opacity":"","overlay-gradient":""}},"ast-content-background-meta":{"desktop":{"background-color":"var(--ast-global-color-4)","background-image":"","background-repeat":"repeat","background-position":"center center","background-size":"auto","background-attachment":"scroll","background-type":"","background-media":"","overlay-type":"","overlay-color":"","overlay-opacity":"","overlay-gradient":""},"tablet":{"background-color":"var(--ast-global-color-4)","background-image":"","background-repeat":"repeat","background-position":"center center","background-size":"auto","background-attachment":"scroll","background-type":"","background-media":"","overlay-type":"","overlay-color":"","overlay-opacity":"","overlay-gradient":""},"mobile":{"background-color":"var(--ast-global-color-4)","background-image":"","background-repeat":"repeat","background-position":"center center","background-size":"auto","background-attachment":"scroll","background-type":"","background-media":"","overlay-type":"","overlay-color":"","overlay-opacity":"","overlay-gradient":""}}},"product_brand":[],"product_cat":[42],"product_tag":[],"class_list":{"0":"post-4720","1":"product","2":"type-product","3":"status-publish","4":"has-post-thumbnail","6":"product_cat-kings-products","7":"product_shipping_class-butterfly-effect","8":"desktop-align-center","9":"tablet-align-left","10":"mobile-align-left","12":"first","13":"instock","14":"sale","15":"virtual","16":"taxable","17":"purchasable","18":"product-type-simple"},"acf":[],"_links":{"self":[{"href":"https:\/\/kingsplace.shop\/en\/wp-json\/wp\/v2\/product\/4720","targetHints":{"allow":["GET"]}}],"collection":[{"href":"https:\/\/kingsplace.shop\/en\/wp-json\/wp\/v2\/product"}],"about":[{"href":"https:\/\/kingsplace.shop\/en\/wp-json\/wp\/v2\/types\/product"}],"replies":[{"embeddable":true,"href":"https:\/\/kingsplace.shop\/en\/wp-json\/wp\/v2\/comments?post=4720"}],"wp:featuredmedia":[{"embeddable":true,"href":"https:\/\/kingsplace.shop\/en\/wp-json\/wp\/v2\/media\/4723"}],"wp:attachment":[{"href":"https:\/\/kingsplace.shop\/en\/wp-json\/wp\/v2\/media?parent=4720"}],"wp:term":[{"taxonomy":"product_brand","embeddable":true,"href":"https:\/\/kingsplace.shop\/en\/wp-json\/wp\/v2\/product_brand?post=4720"},{"taxonomy":"product_cat","embeddable":true,"href":"https:\/\/kingsplace.shop\/en\/wp-json\/wp\/v2\/product_cat?post=4720"},{"taxonomy":"product_tag","embeddable":true,"href":"https:\/\/kingsplace.shop\/en\/wp-json\/wp\/v2\/product_tag?post=4720"}],"curies":[{"name":"wp","href":"https:\/\/api.w.org\/{rel}","templated":true}]}}